{"id":21,"date":"2024-02-03T21:01:55","date_gmt":"2024-02-03T21:01:55","guid":{"rendered":"https:\/\/solargi.net\/?page_id=21"},"modified":"2026-03-12T11:44:10","modified_gmt":"2026-03-12T18:44:10","slug":"contacto","status":"publish","type":"page","link":"https:\/\/solargi.net\/index.php\/contacto\/","title":{"rendered":"CONTACTO"},"content":{"rendered":"\n<div class=\"wp-block-columns are-vertically-aligned-center is-layout-flex wp-container-core-columns-is-layout-28f84493 wp-block-columns-is-layout-flex\">\n<div class=\"wp-block-column is-vertically-aligned-center is-layout-flow wp-block-column-is-layout-flow\">\n<div class=\"wp-block-emgb-map\"><iframe src=\"https:\/\/maps.google.com\/maps?q=solar+iluminacion+&amp;z=18&amp;t=m&amp;output=embed\" style=\"border:0;height:479px;width:100%\" class=\"emb__height_abee999b\" title=\"solar iluminacion \"><\/iframe><\/div>\n<\/div>\n\n\n\n<div class=\"wp-block-column is-vertically-aligned-center is-layout-flow wp-block-column-is-layout-flow\"><style id=\"wpforms-css-vars-62-block-5d90b4b4-bcb2-41ef-87c9-00583a1499c0\">\n\t\t\t\t#wpforms-62.wpforms-block-5d90b4b4-bcb2-41ef-87c9-00583a1499c0 {\n\t\t\t\t--wpforms-field-size-input-height: 43px;\n--wpforms-field-size-input-spacing: 15px;\n--wpforms-field-size-font-size: 16px;\n--wpforms-field-size-line-height: 19px;\n--wpforms-field-size-padding-h: 14px;\n--wpforms-field-size-checkbox-size: 16px;\n--wpforms-field-size-sublabel-spacing: 5px;\n--wpforms-field-size-icon-size: 1;\n--wpforms-label-size-font-size: 16px;\n--wpforms-label-size-line-height: 19px;\n--wpforms-label-size-sublabel-font-size: 14px;\n--wpforms-label-size-sublabel-line-height: 17px;\n--wpforms-button-size-font-size: 17px;\n--wpforms-button-size-height: 41px;\n--wpforms-button-size-padding-h: 15px;\n--wpforms-button-size-margin-top: 10px;\n\t\t\t}\n\t\t\t<\/style><div class=\"wpforms-container wpforms-container-full wpforms-block wpforms-block-5d90b4b4-bcb2-41ef-87c9-00583a1499c0 wpforms-render-modern\" id=\"wpforms-62\"><form id=\"wpforms-form-62\" class=\"wpforms-validate wpforms-form wpforms-ajax-form\" data-formid=\"62\" method=\"post\" enctype=\"multipart\/form-data\" action=\"\/index.php\/wp-json\/wp\/v2\/pages\/21\" data-token=\"af47dc3411066ccb6b319bcac8ce40e1\" data-token-time=\"1775443763\"><noscript class=\"wpforms-error-noscript\">Por favor, activa JavaScript en tu navegador para completar este formulario.<\/noscript><div id=\"wpforms-error-noscript\" style=\"display: none;\">Por favor, activa JavaScript en tu navegador para completar este formulario.<\/div><div class=\"wpforms-field-container\"><div id=\"wpforms-62-field_0-container\" class=\"wpforms-field wpforms-field-name\" data-field-id=\"0\"><fieldset><legend class=\"wpforms-field-label\">Nombre <span class=\"wpforms-required-label\" aria-hidden=\"true\">*<\/span><\/legend><div class=\"wpforms-field-row wpforms-field-medium\"><div class=\"wpforms-field-row-block wpforms-first wpforms-one-half\"><input type=\"text\" id=\"wpforms-62-field_0\" class=\"wpforms-field-name-first wpforms-field-required\" name=\"wpforms[fields][0][first]\" aria-errormessage=\"wpforms-62-field_0-error\" required><label for=\"wpforms-62-field_0\" class=\"wpforms-field-sublabel after\">Nombre<\/label><\/div><div class=\"wpforms-field-row-block wpforms-one-half\"><input type=\"text\" id=\"wpforms-62-field_0-last\" class=\"wpforms-field-name-last wpforms-field-required\" name=\"wpforms[fields][0][last]\" aria-errormessage=\"wpforms-62-field_0-last-error\" required><label for=\"wpforms-62-field_0-last\" class=\"wpforms-field-sublabel after\">Apellidos<\/label><\/div><\/div><\/fieldset><\/div><div id=\"wpforms-62-field_1-container\" class=\"wpforms-field wpforms-field-email\" data-field-id=\"1\"><label class=\"wpforms-field-label\" for=\"wpforms-62-field_1\">Correo electr\u00f3nico <span class=\"wpforms-required-label\" aria-hidden=\"true\">*<\/span><\/label><input type=\"email\" id=\"wpforms-62-field_1\" class=\"wpforms-field-medium wpforms-field-required\" name=\"wpforms[fields][1]\" spellcheck=\"false\" aria-errormessage=\"wpforms-62-field_1-error\" required><\/div><div id=\"wpforms-62-field_2-container\" class=\"wpforms-field wpforms-field-textarea\" data-field-id=\"2\"><label class=\"wpforms-field-label\" for=\"wpforms-62-field_2\">Comentario o mensaje<\/label><textarea id=\"wpforms-62-field_2\" class=\"wpforms-field-medium\" name=\"wpforms[fields][2]\" aria-errormessage=\"wpforms-62-field_2-error\" ><\/textarea><\/div><\/div><!-- .wpforms-field-container --><div class=\"wpforms-recaptcha-container wpforms-is-recaptcha wpforms-is-recaptcha-type-v2\" ><div class=\"g-recaptcha\" data-sitekey=\"6Leew2UpAAAAAF2MzykE38aDt5V-SEYqouha1k0i\"><\/div><input type=\"text\" name=\"g-recaptcha-hidden\" class=\"wpforms-recaptcha-hidden\" style=\"position:absolute!important;clip:rect(0,0,0,0)!important;height:1px!important;width:1px!important;border:0!important;overflow:hidden!important;padding:0!important;margin:0!important;\" data-rule-recaptcha=\"1\"><\/div><div class=\"wpforms-submit-container\" ><input type=\"hidden\" name=\"wpforms[id]\" value=\"62\"><input type=\"hidden\" name=\"page_title\" value=\"\"><input type=\"hidden\" name=\"page_url\" value=\"https:\/\/solargi.net\/index.php\/wp-json\/wp\/v2\/pages\/21\"><input type=\"hidden\" name=\"url_referer\" value=\"\"><button type=\"submit\" name=\"wpforms[submit]\" id=\"wpforms-submit-62\" class=\"wpforms-submit\" data-alt-text=\"Enviando...\" data-submit-text=\"Enviar\" aria-live=\"assertive\" value=\"wpforms-submit\">Enviar<\/button><img loading=\"lazy\" decoding=\"async\" src=\"https:\/\/solargi.net\/wp-content\/plugins\/wpforms-lite\/assets\/images\/submit-spin.svg\" class=\"wpforms-submit-spinner\" style=\"display: none;\" width=\"26\" height=\"26\" alt=\"Cargando\"><\/div><\/form><\/div>  <!-- .wpforms-container --><\/div>\n<\/div>\n\n\n\n<h5 class=\"wp-block-heading\">Solar iluminaci\u00f3n y construcci\u00f3n <br>Benito Ju\u00e1rez #2006 col. centro. Mazatl\u00e1n, Sinaloa, M\u00e9xico.<\/h5>\n\n\n\n<p><img loading=\"lazy\" decoding=\"async\" width=\"20\" height=\"20\" class=\"wp-image-85\" style=\"width: 20px;\" src=\"http:\/\/solargi.net\/wp-content\/uploads\/2024\/02\/llamar.png\" alt=\"\" srcset=\"https:\/\/solargi.net\/wp-content\/uploads\/2024\/02\/llamar.png 512w, https:\/\/solargi.net\/wp-content\/uploads\/2024\/02\/llamar-300x300.png 300w, https:\/\/solargi.net\/wp-content\/uploads\/2024\/02\/llamar-150x150.png 150w\" sizes=\"auto, (max-width: 20px) 100vw, 20px\" \/><a href=\"call:6699813223\" data-type=\"link\" data-id=\"call:6699813223\"> 669. 981. 3223<\/a><br><img loading=\"lazy\" decoding=\"async\" width=\"20\" height=\"20\" class=\"wp-image-85\" style=\"width: 20px;\" src=\"http:\/\/solargi.net\/wp-content\/uploads\/2024\/02\/llamar.png\" alt=\"\" srcset=\"https:\/\/solargi.net\/wp-content\/uploads\/2024\/02\/llamar.png 512w, https:\/\/solargi.net\/wp-content\/uploads\/2024\/02\/llamar-300x300.png 300w, https:\/\/solargi.net\/wp-content\/uploads\/2024\/02\/llamar-150x150.png 150w\" sizes=\"auto, (max-width: 20px) 100vw, 20px\" \/> <a href=\"call:\" data-type=\"link\" data-id=\"call:\">6<\/a><a href=\"call:6691360113\" data-type=\"link\" data-id=\"call:\">69. 136. 0113<\/a><br><img loading=\"lazy\" decoding=\"async\" width=\"20\" height=\"20\" class=\"wp-image-86\" style=\"width: 20px;\" src=\"http:\/\/solargi.net\/wp-content\/uploads\/2024\/02\/whatsapp-1.png\" alt=\"\" srcset=\"https:\/\/solargi.net\/wp-content\/uploads\/2024\/02\/whatsapp-1.png 512w, https:\/\/solargi.net\/wp-content\/uploads\/2024\/02\/whatsapp-1-300x300.png 300w, https:\/\/solargi.net\/wp-content\/uploads\/2024\/02\/whatsapp-1-150x150.png 150w\" sizes=\"auto, (max-width: 20px) 100vw, 20px\" \/> <a href=\"https:\/\/wa.me\/c\/5216692695444\" data-type=\"link\" data-id=\"https:\/\/wa.me\/c\/5216692695444\">669. 269. 5444<\/a><br><img loading=\"lazy\" decoding=\"async\" width=\"20\" height=\"20\" class=\"wp-image-88\" style=\"width: 20px;\" src=\"http:\/\/solargi.net\/wp-content\/uploads\/2024\/02\/correo.png\" alt=\"\" srcset=\"https:\/\/solargi.net\/wp-content\/uploads\/2024\/02\/correo.png 512w, https:\/\/solargi.net\/wp-content\/uploads\/2024\/02\/correo-300x300.png 300w, https:\/\/solargi.net\/wp-content\/uploads\/2024\/02\/correo-150x150.png 150w\" sizes=\"auto, (max-width: 20px) 100vw, 20px\" \/> <a href=\"mailto: ventas@solargi.net\" data-type=\"mailto\" data-id=\"mailto:\">Ventas@solargi.net <\/a><\/p>\n","protected":false},"excerpt":{"rendered":"<p>Solar iluminaci\u00f3n y construcci\u00f3n Benito Ju\u00e1rez #2006 col. centro. Mazatl\u00e1n, Sinaloa, M\u00e9xico. 669. 981. 3223 669. 136. 0113 669. 269. 5444 Ventas@solargi.net<\/p>\n","protected":false},"author":2,"featured_media":0,"parent":0,"menu_order":0,"comment_status":"open","ping_status":"closed","template":"","meta":{"footnotes":""},"class_list":["post-21","page","type-page","status-publish","hentry"],"jetpack_sharing_enabled":true,"_links":{"self":[{"href":"https:\/\/solargi.net\/index.php\/wp-json\/wp\/v2\/pages\/21","targetHints":{"allow":["GET"]}}],"collection":[{"href":"https:\/\/solargi.net\/index.php\/wp-json\/wp\/v2\/pages"}],"about":[{"href":"https:\/\/solargi.net\/index.php\/wp-json\/wp\/v2\/types\/page"}],"author":[{"embeddable":true,"href":"https:\/\/solargi.net\/index.php\/wp-json\/wp\/v2\/users\/2"}],"replies":[{"embeddable":true,"href":"https:\/\/solargi.net\/index.php\/wp-json\/wp\/v2\/comments?post=21"}],"version-history":[{"count":23,"href":"https:\/\/solargi.net\/index.php\/wp-json\/wp\/v2\/pages\/21\/revisions"}],"predecessor-version":[{"id":421,"href":"https:\/\/solargi.net\/index.php\/wp-json\/wp\/v2\/pages\/21\/revisions\/421"}],"wp:attachment":[{"href":"https:\/\/solargi.net\/index.php\/wp-json\/wp\/v2\/media?parent=21"}],"curies":[{"name":"wp","href":"https:\/\/api.w.org\/{rel}","templated":true}]}}