{"id":220,"date":"2026-03-10T12:53:30","date_gmt":"2026-03-10T19:53:30","guid":{"rendered":"https:\/\/solargi.net\/?post_type=product&#038;p=220"},"modified":"2026-03-11T10:17:22","modified_gmt":"2026-03-11T17:17:22","slug":"ventilador-con-luz-prometheus-56","status":"publish","type":"product","link":"https:\/\/solargi.net\/index.php\/producto\/ventilador-con-luz-prometheus-56\/","title":{"rendered":"VENTILADOR CON LUZ PROMETHEUS 56&#8243;"},"content":{"rendered":"<p>Poderoso ventilador industrial de techo Prometheus de Masterfan, mantiene una constante circulaci\u00f3n del aire en \u00e1reas de hasta 144 m2 gracias al dise\u00f1o de sus aspas e inclinaci\u00f3n de 6\u00b0 al ser montadas al motor.<\/p>\n<p>Ajusta la cantidad de aire que deseas abastecer a tu espacio de trabajo o habitaci\u00f3n, el abanico\/ventilador Prometheus cuenta con 5 velocidades manejables por un control de pared, su poderoso motor lo convierte en un aditamento indispensables para \u00e1reas con amplia afluencia de personas o con elevaciones comunes de temperatura.<\/p>\n<p>&nbsp;<\/p>\n<ul>\n<li>3 a\u00f1os de garant\u00eda Masterfan<\/li>\n<li>Color blanco<\/li>\n<li>3 aspas de metal<\/li>\n<li>Forma de aspa plana<\/li>\n<li>6\u00b0 de inclinaci\u00f3n de aspas<\/li>\n<li>Uso interior<\/li>\n<li>Velocidad 330 RPM<\/li>\n<li>Potencia de 75 W<\/li>\n<li>Consumo m\u00e1ximo 90 W<\/li>\n<li>\u00c1reas grandes de 49 a 144 m2<\/li>\n<li>Control de pared<\/li>\n<li>5 velocidades<\/li>\n<li>56 pulgadas<\/li>\n<li>1 entrada para bombilla E26<\/li>\n<li>Pantalla blanca difuminadora de luz<\/li>\n<\/ul>\n","protected":false},"excerpt":{"rendered":"<p>Poderoso ventilador industrial de techo Prometheus de Masterfan, mantiene una constante circulaci\u00f3n del aire en \u00e1reas de hasta 144 m2 gracias al dise\u00f1o de sus aspas e inclinaci\u00f3n de 6\u00b0 al ser montadas al motor. Ajusta la cantidad de aire que deseas abastecer a tu espacio de trabajo o habitaci\u00f3n, el abanico\/ventilador Prometheus cuenta con [&hellip;]<\/p>\n","protected":false},"featured_media":371,"comment_status":"open","ping_status":"closed","template":"","meta":[],"product_brand":[],"product_cat":[31,32],"product_tag":[],"class_list":{"0":"post-220","1":"product","2":"type-product","3":"status-publish","4":"has-post-thumbnail","6":"product_cat-masterfan","7":"product_cat-ventilador","9":"first","10":"instock","11":"shipping-taxable","12":"purchasable","13":"product-type-simple"},"jetpack_sharing_enabled":true,"_links":{"self":[{"href":"https:\/\/solargi.net\/index.php\/wp-json\/wp\/v2\/product\/220","targetHints":{"allow":["GET"]}}],"collection":[{"href":"https:\/\/solargi.net\/index.php\/wp-json\/wp\/v2\/product"}],"about":[{"href":"https:\/\/solargi.net\/index.php\/wp-json\/wp\/v2\/types\/product"}],"replies":[{"embeddable":true,"href":"https:\/\/solargi.net\/index.php\/wp-json\/wp\/v2\/comments?post=220"}],"wp:featuredmedia":[{"embeddable":true,"href":"https:\/\/solargi.net\/index.php\/wp-json\/wp\/v2\/media\/371"}],"wp:attachment":[{"href":"https:\/\/solargi.net\/index.php\/wp-json\/wp\/v2\/media?parent=220"}],"wp:term":[{"taxonomy":"product_brand","embeddable":true,"href":"https:\/\/solargi.net\/index.php\/wp-json\/wp\/v2\/product_brand?post=220"},{"taxonomy":"product_cat","embeddable":true,"href":"https:\/\/solargi.net\/index.php\/wp-json\/wp\/v2\/product_cat?post=220"},{"taxonomy":"product_tag","embeddable":true,"href":"https:\/\/solargi.net\/index.php\/wp-json\/wp\/v2\/product_tag?post=220"}],"curies":[{"name":"wp","href":"https:\/\/api.w.org\/{rel}","templated":true}]}}