{"id":226,"date":"2026-03-10T12:53:30","date_gmt":"2026-03-10T19:53:30","guid":{"rendered":"https:\/\/solargi.net\/?post_type=product&#038;p=226"},"modified":"2026-03-11T10:16:39","modified_gmt":"2026-03-11T17:16:39","slug":"ventilador-con-luz-centauro-56","status":"publish","type":"product","link":"https:\/\/solargi.net\/index.php\/producto\/ventilador-con-luz-centauro-56\/","title":{"rendered":"VENTILADOR CON LUZ CENTAURO 56&#8243;"},"content":{"rendered":"<p>Abastece de aire natural las \u00e1reas de tu hogar con el ventilador\/abanico de techo CENTAURO de 56 pulgadas, el dise\u00f1o y forma de sus aspas dotara de frescura cada rinc\u00f3n en espacios de hasta 144 m2, adem\u00e1s de visualizarse como un decorativo sencillo y cl\u00e1sico provisto con acabados de alta calidad y materiales duraderos.<\/p>\n<ul>\n<li>3 a\u00f1os de garant\u00eda Masterfan<\/li>\n<li>Color satinado<\/li>\n<li>3 aspas de metal<\/li>\n<li>Aspas color satinado<\/li>\n<li>Forma de aspa plana<\/li>\n<li>Uso interior<\/li>\n<li>Velocidad 290 RPM<\/li>\n<li>Potencia de 75 W<\/li>\n<li>Consumo m\u00e1ximo 90 W<\/li>\n<li>Luz LED<\/li>\n<li>3 tonos de luz<\/li>\n<li>\u00c1reas grandes de 49 a 144 m2<\/li>\n<li>3 velocidades<\/li>\n<li>Control de pared<\/li>\n<li>56 pulgadas<\/li>\n<\/ul>\n","protected":false},"excerpt":{"rendered":"<p>Abastece de aire natural las \u00e1reas de tu hogar con el ventilador\/abanico de techo CENTAURO de 56 pulgadas, el dise\u00f1o y forma de sus aspas dotara de frescura cada rinc\u00f3n en espacios de hasta 144 m2, adem\u00e1s de visualizarse como un decorativo sencillo y cl\u00e1sico provisto con acabados de alta calidad y materiales duraderos. 3 [&hellip;]<\/p>\n","protected":false},"featured_media":375,"comment_status":"open","ping_status":"closed","template":"","meta":[],"product_brand":[],"product_cat":[31,32],"product_tag":[],"class_list":{"0":"post-226","1":"product","2":"type-product","3":"status-publish","4":"has-post-thumbnail","6":"product_cat-masterfan","7":"product_cat-ventilador","9":"first","10":"instock","11":"shipping-taxable","12":"purchasable","13":"product-type-simple"},"jetpack_sharing_enabled":true,"_links":{"self":[{"href":"https:\/\/solargi.net\/index.php\/wp-json\/wp\/v2\/product\/226","targetHints":{"allow":["GET"]}}],"collection":[{"href":"https:\/\/solargi.net\/index.php\/wp-json\/wp\/v2\/product"}],"about":[{"href":"https:\/\/solargi.net\/index.php\/wp-json\/wp\/v2\/types\/product"}],"replies":[{"embeddable":true,"href":"https:\/\/solargi.net\/index.php\/wp-json\/wp\/v2\/comments?post=226"}],"wp:featuredmedia":[{"embeddable":true,"href":"https:\/\/solargi.net\/index.php\/wp-json\/wp\/v2\/media\/375"}],"wp:attachment":[{"href":"https:\/\/solargi.net\/index.php\/wp-json\/wp\/v2\/media?parent=226"}],"wp:term":[{"taxonomy":"product_brand","embeddable":true,"href":"https:\/\/solargi.net\/index.php\/wp-json\/wp\/v2\/product_brand?post=226"},{"taxonomy":"product_cat","embeddable":true,"href":"https:\/\/solargi.net\/index.php\/wp-json\/wp\/v2\/product_cat?post=226"},{"taxonomy":"product_tag","embeddable":true,"href":"https:\/\/solargi.net\/index.php\/wp-json\/wp\/v2\/product_tag?post=226"}],"curies":[{"name":"wp","href":"https:\/\/api.w.org\/{rel}","templated":true}]}}