{"id":227,"date":"2026-03-10T12:53:30","date_gmt":"2026-03-10T19:53:30","guid":{"rendered":"https:\/\/solargi.net\/?post_type=product&#038;p=227"},"modified":"2026-03-11T10:18:28","modified_gmt":"2026-03-11T17:18:28","slug":"ventilador-con-luz-icarus-56","status":"publish","type":"product","link":"https:\/\/solargi.net\/index.php\/producto\/ventilador-con-luz-icarus-56\/","title":{"rendered":"VENTILADOR CON LUZ ICARUS 56&#8243;"},"content":{"rendered":"<p>Poderoso ventilador industrial de techo Icarus de Masterfan, mantiene una constante circulaci\u00f3n del aire en \u00e1reas de hasta 144 m2 gracias al dise\u00f1o de sus aspas e inclinaci\u00f3n de 6\u00b0 al ser montadas al motor.<\/p>\n<p>Equipado en su interior una base E26 para foco, cubierto exteriormente por una pantalla blanca opalizada que te permitir\u00e1 suministrar iluminaci\u00f3n tenue y suave los lugares cercanos a tu ventilador.<\/p>\n<ul>\n<li>5 velocidades<\/li>\n<li>Movimiento de aire 18,000 m3\/h<\/li>\n<li>Para \u00e1reas grandes de 49 a 144 m2<\/li>\n<li>Con iluminaci\u00f3n base E26<\/li>\n<li>Potencia de 75W<\/li>\n<li>Consumo m\u00e1ximo 75W<\/li>\n<li>Control de pared incluido<\/li>\n<\/ul>\n","protected":false},"excerpt":{"rendered":"<p>Poderoso ventilador industrial de techo Icarus de Masterfan, mantiene una constante circulaci\u00f3n del aire en \u00e1reas de hasta 144 m2 gracias al dise\u00f1o de sus aspas e inclinaci\u00f3n de 6\u00b0 al ser montadas al motor. Equipado en su interior una base E26 para foco, cubierto exteriormente por una pantalla blanca opalizada que te permitir\u00e1 suministrar [&hellip;]<\/p>\n","protected":false},"featured_media":381,"comment_status":"open","ping_status":"closed","template":"","meta":[],"product_brand":[],"product_cat":[31,32],"product_tag":[],"class_list":{"0":"post-227","1":"product","2":"type-product","3":"status-publish","4":"has-post-thumbnail","6":"product_cat-masterfan","7":"product_cat-ventilador","9":"first","10":"instock","11":"shipping-taxable","12":"purchasable","13":"product-type-simple"},"jetpack_sharing_enabled":true,"_links":{"self":[{"href":"https:\/\/solargi.net\/index.php\/wp-json\/wp\/v2\/product\/227","targetHints":{"allow":["GET"]}}],"collection":[{"href":"https:\/\/solargi.net\/index.php\/wp-json\/wp\/v2\/product"}],"about":[{"href":"https:\/\/solargi.net\/index.php\/wp-json\/wp\/v2\/types\/product"}],"replies":[{"embeddable":true,"href":"https:\/\/solargi.net\/index.php\/wp-json\/wp\/v2\/comments?post=227"}],"wp:featuredmedia":[{"embeddable":true,"href":"https:\/\/solargi.net\/index.php\/wp-json\/wp\/v2\/media\/381"}],"wp:attachment":[{"href":"https:\/\/solargi.net\/index.php\/wp-json\/wp\/v2\/media?parent=227"}],"wp:term":[{"taxonomy":"product_brand","embeddable":true,"href":"https:\/\/solargi.net\/index.php\/wp-json\/wp\/v2\/product_brand?post=227"},{"taxonomy":"product_cat","embeddable":true,"href":"https:\/\/solargi.net\/index.php\/wp-json\/wp\/v2\/product_cat?post=227"},{"taxonomy":"product_tag","embeddable":true,"href":"https:\/\/solargi.net\/index.php\/wp-json\/wp\/v2\/product_tag?post=227"}],"curies":[{"name":"wp","href":"https:\/\/api.w.org\/{rel}","templated":true}]}}