{"id":392,"date":"2026-03-11T10:43:10","date_gmt":"2026-03-11T17:43:10","guid":{"rendered":"https:\/\/solargi.net\/?post_type=product&#038;p=392"},"modified":"2026-03-11T10:43:10","modified_gmt":"2026-03-11T17:43:10","slug":"ventilador-de-piso-horus-20-negro","status":"publish","type":"product","link":"https:\/\/solargi.net\/index.php\/producto\/ventilador-de-piso-horus-20-negro\/","title":{"rendered":"VENTILADOR DE PISO HORUS 20&#8243; NEGRO"},"content":{"rendered":"<p>El ventilador de piso Horus combina practicidad y rendimiento. Con un di\u00e1metro de 20 pulgadas en sus aspas, el ventilador Horus ofrece un potente flujo de aire con 3 velocidades ajustables y un motor de 90W que alcanza hasta 1150 RPM. Su dise\u00f1o liviano de 4.3 Kg facilitan la movilidad, mientras que su estilo a\u00f1ade un toque de distinci\u00f3n a cualquier espacio. Con una velocidad del aire de 5.5 m\/s, el Horus es la elecci\u00f3n perfecta para mantener tu entorno fresco y c\u00f3modo.<\/p>\n<p>Los equipos de climatizaci\u00f3n Masterfan son el complemento perfecto para tu sistema de climatizaci\u00f3n.<\/p>\n<ul>\n<li>1 a\u00f1o de garant\u00eda Masterfan<\/li>\n<li>Color\u00a0negro<\/li>\n<li>5 aspas<\/li>\n<li>3 velocidades<\/li>\n<li>Uso interior<\/li>\n<li>Velocidad: M\u00e1xima 1,150+- 20 RPM\/ M\u00ednima 850+- 20 RPM<\/li>\n<li>Potencia de 90 W<\/li>\n<li>Voltaje: 127 V \/ 60 Hz<\/li>\n<li>\u00c1reas medianas de 9 a 16 m2<\/li>\n<li>Control: Perilla de velocidades<\/li>\n<li>20 pulgadas<\/li>\n<li>1.50 metros longitud de cable<\/li>\n<li>8 niveles de inclinaci\u00f3n de 10\u00b0 \/ 80\u00b0 de inclinaci\u00f3n Total<\/li>\n<\/ul>\n","protected":false},"excerpt":{"rendered":"<p>El ventilador de piso Horus combina practicidad y rendimiento. Con un di\u00e1metro de 20 pulgadas en sus aspas, el ventilador Horus ofrece un potente flujo de aire con 3 velocidades ajustables y un motor de 90W que alcanza hasta 1150 RPM. Su dise\u00f1o liviano de 4.3 Kg facilitan la movilidad, mientras que su estilo a\u00f1ade [&hellip;]<\/p>\n","protected":false},"featured_media":393,"comment_status":"open","ping_status":"closed","template":"","meta":[],"product_brand":[],"product_cat":[32],"product_tag":[],"class_list":{"0":"post-392","1":"product","2":"type-product","3":"status-publish","4":"has-post-thumbnail","6":"product_cat-ventilador","8":"first","9":"instock","10":"shipping-taxable","11":"purchasable","12":"product-type-simple"},"jetpack_sharing_enabled":true,"_links":{"self":[{"href":"https:\/\/solargi.net\/index.php\/wp-json\/wp\/v2\/product\/392","targetHints":{"allow":["GET"]}}],"collection":[{"href":"https:\/\/solargi.net\/index.php\/wp-json\/wp\/v2\/product"}],"about":[{"href":"https:\/\/solargi.net\/index.php\/wp-json\/wp\/v2\/types\/product"}],"replies":[{"embeddable":true,"href":"https:\/\/solargi.net\/index.php\/wp-json\/wp\/v2\/comments?post=392"}],"wp:featuredmedia":[{"embeddable":true,"href":"https:\/\/solargi.net\/index.php\/wp-json\/wp\/v2\/media\/393"}],"wp:attachment":[{"href":"https:\/\/solargi.net\/index.php\/wp-json\/wp\/v2\/media?parent=392"}],"wp:term":[{"taxonomy":"product_brand","embeddable":true,"href":"https:\/\/solargi.net\/index.php\/wp-json\/wp\/v2\/product_brand?post=392"},{"taxonomy":"product_cat","embeddable":true,"href":"https:\/\/solargi.net\/index.php\/wp-json\/wp\/v2\/product_cat?post=392"},{"taxonomy":"product_tag","embeddable":true,"href":"https:\/\/solargi.net\/index.php\/wp-json\/wp\/v2\/product_tag?post=392"}],"curies":[{"name":"wp","href":"https:\/\/api.w.org\/{rel}","templated":true}]}}