{"id":415,"date":"2026-03-12T11:16:24","date_gmt":"2026-03-12T18:16:24","guid":{"rendered":"https:\/\/solargi.net\/?post_type=product&#038;p=415"},"modified":"2026-03-12T11:16:24","modified_gmt":"2026-03-12T18:16:24","slug":"ventilador-de-techo-19","status":"publish","type":"product","link":"https:\/\/solargi.net\/index.php\/producto\/ventilador-de-techo-19\/","title":{"rendered":"VENTILADOR DE TECHO 19&#8243;"},"content":{"rendered":"<p>Medida: 19<br \/>\n\u2022Material: Pl\u00e1stico,Acr\u00edlico<br \/>\n\u2022Consumo Combinado: 45W<br \/>\n\u2022Equivalencia: 45W<br \/>\n\u2022Aspas: 7, r\u00edgidas, giratorias<br \/>\n\u2022Velocidades: 6 velocidades<br \/>\n\u2022Dimensiones: Di\u00e1metro: 48 cm Alto: 21 cm<br \/>\n\u2022Accesorios: Ventilador de techo, control remoto,<br \/>\naccesorios de instalaci\u00f3n, manual de usuario<br \/>\n\u2022Caracter\u00edsticas: Ventilador de techo con<br \/>\nl\u00e1mpara, con luz blanca c\u00e1lida, neutra y fr\u00eda, se<br \/>\nmaneja con control remoto, silencioso, de 6<br \/>\nvelocidades<\/p>\n<p>&nbsp;<\/p>\n<p>Modelo: F60158<\/p>\n","protected":false},"excerpt":{"rendered":"<p>Medida: 19 \u2022Material: Pl\u00e1stico,Acr\u00edlico \u2022Consumo Combinado: 45W \u2022Equivalencia: 45W \u2022Aspas: 7, r\u00edgidas, giratorias \u2022Velocidades: 6 velocidades \u2022Dimensiones: Di\u00e1metro: 48 cm Alto: 21 cm \u2022Accesorios: Ventilador de techo, control remoto, accesorios de instalaci\u00f3n, manual de usuario \u2022Caracter\u00edsticas: Ventilador de techo con l\u00e1mpara, con luz blanca c\u00e1lida, neutra y fr\u00eda, se maneja con control remoto, silencioso, de [&hellip;]<\/p>\n","protected":false},"featured_media":413,"comment_status":"open","ping_status":"closed","template":"","meta":[],"product_brand":[],"product_cat":[24,32],"product_tag":[33],"class_list":{"0":"post-415","1":"product","2":"type-product","3":"status-publish","4":"has-post-thumbnail","6":"product_cat-amableluz","7":"product_cat-ventilador","8":"product_tag-f60158","10":"first","11":"instock","12":"virtual","13":"purchasable","14":"product-type-simple"},"jetpack_sharing_enabled":true,"_links":{"self":[{"href":"https:\/\/solargi.net\/index.php\/wp-json\/wp\/v2\/product\/415","targetHints":{"allow":["GET"]}}],"collection":[{"href":"https:\/\/solargi.net\/index.php\/wp-json\/wp\/v2\/product"}],"about":[{"href":"https:\/\/solargi.net\/index.php\/wp-json\/wp\/v2\/types\/product"}],"replies":[{"embeddable":true,"href":"https:\/\/solargi.net\/index.php\/wp-json\/wp\/v2\/comments?post=415"}],"wp:featuredmedia":[{"embeddable":true,"href":"https:\/\/solargi.net\/index.php\/wp-json\/wp\/v2\/media\/413"}],"wp:attachment":[{"href":"https:\/\/solargi.net\/index.php\/wp-json\/wp\/v2\/media?parent=415"}],"wp:term":[{"taxonomy":"product_brand","embeddable":true,"href":"https:\/\/solargi.net\/index.php\/wp-json\/wp\/v2\/product_brand?post=415"},{"taxonomy":"product_cat","embeddable":true,"href":"https:\/\/solargi.net\/index.php\/wp-json\/wp\/v2\/product_cat?post=415"},{"taxonomy":"product_tag","embeddable":true,"href":"https:\/\/solargi.net\/index.php\/wp-json\/wp\/v2\/product_tag?post=415"}],"curies":[{"name":"wp","href":"https:\/\/api.w.org\/{rel}","templated":true}]}}