{"id":417,"date":"2026-03-12T11:35:57","date_gmt":"2026-03-12T18:35:57","guid":{"rendered":"https:\/\/solargi.net\/?post_type=product&#038;p=417"},"modified":"2026-03-12T11:35:58","modified_gmt":"2026-03-12T18:35:58","slug":"ventilador-de-techo-12-2","status":"publish","type":"product","link":"https:\/\/solargi.net\/index.php\/producto\/ventilador-de-techo-12-2\/","title":{"rendered":"VENTILADOR DE TECHO 12&#8243;"},"content":{"rendered":"<p>Dise\u00f1o: L\u00e1mpara con ventilador de techo 12<br \/>\n\u2022Aspas: Pl\u00e1stico<br \/>\n\u2022Consumo combinado: 88W<br \/>\n\u2022Consumo LED: 10W<br \/>\n\u2022Equivalencia: 123W<br \/>\n\u2022Flujo Luminoso: 1650lm<br \/>\n\u2022Tensi\u00f3n: 127V~<br \/>\n\u2022Frecuencia: 60Hz<br \/>\n\u2022Temperatura del color: 2800K \/ 4500K \/ 6500K<br \/>\n\u2022Duraci\u00f3n: 50,000 h<br \/>\n\u2022\u00c1ngulo de la luz: 120\u00b0<br \/>\n\u2022CRI: 80<br \/>\n\u2022Di\u00e1metro: 12<br \/>\n\u2022Empaque incluye: L\u00e1mpara con ventilador de techo,<br \/>\ntorniller\u00eda para su instalaci\u00f3n, control remoto y manual de<br \/>\nusuario<\/p>\n<p>&nbsp;<\/p>\n<p>Modelo: LVT002A<\/p>\n","protected":false},"excerpt":{"rendered":"<p>Dise\u00f1o: L\u00e1mpara con ventilador de techo 12 \u2022Aspas: Pl\u00e1stico \u2022Consumo combinado: 88W \u2022Consumo LED: 10W \u2022Equivalencia: 123W \u2022Flujo Luminoso: 1650lm \u2022Tensi\u00f3n: 127V~ \u2022Frecuencia: 60Hz \u2022Temperatura del color: 2800K \/ 4500K \/ 6500K \u2022Duraci\u00f3n: 50,000 h \u2022\u00c1ngulo de la luz: 120\u00b0 \u2022CRI: 80 \u2022Di\u00e1metro: 12 \u2022Empaque incluye: L\u00e1mpara con ventilador de techo, torniller\u00eda para su instalaci\u00f3n, [&hellip;]<\/p>\n","protected":false},"featured_media":418,"comment_status":"open","ping_status":"closed","template":"","meta":[],"product_brand":[],"product_cat":[24,32],"product_tag":[35],"class_list":{"0":"post-417","1":"product","2":"type-product","3":"status-publish","4":"has-post-thumbnail","6":"product_cat-amableluz","7":"product_cat-ventilador","8":"product_tag-lvt002a","10":"first","11":"instock","12":"shipping-taxable","13":"purchasable","14":"product-type-simple"},"jetpack_sharing_enabled":true,"_links":{"self":[{"href":"https:\/\/solargi.net\/index.php\/wp-json\/wp\/v2\/product\/417","targetHints":{"allow":["GET"]}}],"collection":[{"href":"https:\/\/solargi.net\/index.php\/wp-json\/wp\/v2\/product"}],"about":[{"href":"https:\/\/solargi.net\/index.php\/wp-json\/wp\/v2\/types\/product"}],"replies":[{"embeddable":true,"href":"https:\/\/solargi.net\/index.php\/wp-json\/wp\/v2\/comments?post=417"}],"wp:featuredmedia":[{"embeddable":true,"href":"https:\/\/solargi.net\/index.php\/wp-json\/wp\/v2\/media\/418"}],"wp:attachment":[{"href":"https:\/\/solargi.net\/index.php\/wp-json\/wp\/v2\/media?parent=417"}],"wp:term":[{"taxonomy":"product_brand","embeddable":true,"href":"https:\/\/solargi.net\/index.php\/wp-json\/wp\/v2\/product_brand?post=417"},{"taxonomy":"product_cat","embeddable":true,"href":"https:\/\/solargi.net\/index.php\/wp-json\/wp\/v2\/product_cat?post=417"},{"taxonomy":"product_tag","embeddable":true,"href":"https:\/\/solargi.net\/index.php\/wp-json\/wp\/v2\/product_tag?post=417"}],"curies":[{"name":"wp","href":"https:\/\/api.w.org\/{rel}","templated":true}]}}